{"id":240,"date":"2014-02-06T13:33:51","date_gmt":"2014-02-06T13:33:51","guid":{"rendered":"https:\/\/aheaddata.com\/?page_id=240"},"modified":"2022-11-03T09:47:27","modified_gmt":"2022-11-03T09:47:27","slug":"hosting","status":"publish","type":"page","link":"https:\/\/aheaddata.com\/fr\/hosting\/","title":{"rendered":"Hosting"},"content":{"rendered":"<p class=\"qtranxs-available-languages-message qtranxs-available-languages-message-fr\">D\u00e9sol\u00e9, cet article est seulement disponible en <a href=\"https:\/\/aheaddata.com\/ca\/wp-json\/wp\/v2\/pages\/240\" class=\"qtranxs-available-language-link qtranxs-available-language-link-ca\" title=\"Catal\u00e0\">Catalan<\/a> et <a href=\"https:\/\/aheaddata.com\/es\/wp-json\/wp\/v2\/pages\/240\" class=\"qtranxs-available-language-link qtranxs-available-language-link-es\" title=\"Espa\u00f1ol\">Espagnol Europ\u00e9en<\/a>.<\/p>","protected":false},"excerpt":{"rendered":"<p>D\u00e9sol\u00e9, cet article est seulement disponible en Catalan et Espagnol Europ\u00e9en.<\/p>\n","protected":false},"author":333999,"featured_media":0,"parent":0,"menu_order":0,"comment_status":"closed","ping_status":"open","template":"page-fullwidth.php","meta":[],"yoast_head":"<!-- This site is optimized with the Yoast SEO plugin v19.4 - https:\/\/yoast.com\/wordpress\/plugins\/seo\/ -->\n<title>Hosting - Ahead Data<\/title>\n<meta name=\"description\" content=\"(Espa\u00f1ol) Hosting y correo web, VPS seg\u00fan tus necesidades, administraci\u00f3n de servidores Linux y Windows, Cloud Computing con los mejores proveedores, web hosting\" \/>\n<meta name=\"robots\" content=\"index, follow, max-snippet:-1, max-image-preview:large, max-video-preview:-1\" \/>\n<link rel=\"canonical\" href=\"https:\/\/aheaddata.com\/fr\/hosting\/\" \/>\n<meta property=\"og:locale\" content=\"fr_FR\" \/>\n<meta property=\"og:type\" content=\"article\" \/>\n<meta property=\"og:title\" content=\"Hosting - Ahead Data\" \/>\n<meta property=\"og:description\" content=\"(Espa\u00f1ol) Hosting y correo web, VPS seg\u00fan tus necesidades, administraci\u00f3n de servidores Linux y Windows, Cloud Computing con los mejores proveedores, web hosting\" \/>\n<meta property=\"og:url\" content=\"https:\/\/aheaddata.com\/fr\/hosting\/\" \/>\n<meta property=\"og:site_name\" content=\"Ahead Data\" \/>\n<meta property=\"article:modified_time\" content=\"2022-11-03T09:47:27+00:00\" \/>\n<meta name=\"twitter:card\" content=\"summary\" \/>\n<meta name=\"twitter:label1\" content=\"Dur\u00e9e de lecture estim\u00e9e\" \/>\n\t<meta name=\"twitter:data1\" content=\"2 minutes\" \/>\n<script type=\"application\/ld+json\" class=\"yoast-schema-graph\">{\"@context\":\"https:\/\/schema.org\",\"@graph\":[{\"@type\":\"WebSite\",\"@id\":\"https:\/\/aheaddata.com\/fr\/#website\",\"url\":\"https:\/\/aheaddata.com\/fr\/\",\"name\":\"Ahead Data\",\"description\":\"Programmation, web, s\u00e9curit\u00e9\",\"potentialAction\":[{\"@type\":\"SearchAction\",\"target\":{\"@type\":\"EntryPoint\",\"urlTemplate\":\"https:\/\/aheaddata.com\/fr\/?s={search_term_string}\"},\"query-input\":\"required name=search_term_string\"}],\"inLanguage\":\"fr-FR\"},{\"@type\":\"WebPage\",\"@id\":\"https:\/\/aheaddata.com\/fr\/hosting\/\",\"url\":\"https:\/\/aheaddata.com\/fr\/hosting\/\",\"name\":\"Hosting - Ahead Data\",\"isPartOf\":{\"@id\":\"https:\/\/aheaddata.com\/fr\/#website\"},\"datePublished\":\"2014-02-06T13:33:51+00:00\",\"dateModified\":\"2022-11-03T09:47:27+00:00\",\"description\":\"(Espa\u00f1ol) Hosting y correo web, VPS seg\u00fan tus necesidades, administraci\u00f3n de servidores Linux y Windows, Cloud Computing con los mejores proveedores, web hosting\",\"breadcrumb\":{\"@id\":\"https:\/\/aheaddata.com\/fr\/hosting\/#breadcrumb\"},\"inLanguage\":\"fr-FR\",\"potentialAction\":[{\"@type\":\"ReadAction\",\"target\":[[\"https:\/\/aheaddata.com\/fr\/hosting\/\"]]}]},{\"@type\":\"BreadcrumbList\",\"@id\":\"https:\/\/aheaddata.com\/fr\/hosting\/#breadcrumb\",\"itemListElement\":[{\"@type\":\"ListItem\",\"position\":1,\"name\":\"Inici\",\"item\":\"https:\/\/aheaddata.com\/fr\/\"},{\"@type\":\"ListItem\",\"position\":2,\"name\":\"Hosting\"}]}]}<\/script>\n<!-- \/ Yoast SEO plugin. -->","yoast_head_json":{"title":"Hosting - Ahead Data","description":"(Espa\u00f1ol) Hosting y correo web, VPS seg\u00fan tus necesidades, administraci\u00f3n de servidores Linux y Windows, Cloud Computing con los mejores proveedores, web hosting","robots":{"index":"index","follow":"follow","max-snippet":"max-snippet:-1","max-image-preview":"max-image-preview:large","max-video-preview":"max-video-preview:-1"},"canonical":"https:\/\/aheaddata.com\/fr\/hosting\/","og_locale":"fr_FR","og_type":"article","og_title":"Hosting - Ahead Data","og_description":"(Espa\u00f1ol) Hosting y correo web, VPS seg\u00fan tus necesidades, administraci\u00f3n de servidores Linux y Windows, Cloud Computing con los mejores proveedores, web hosting","og_url":"https:\/\/aheaddata.com\/fr\/hosting\/","og_site_name":"Ahead Data","article_modified_time":"2022-11-03T09:47:27+00:00","twitter_card":"summary","twitter_misc":{"Dur\u00e9e de lecture estim\u00e9e":"2 minutes"},"schema":{"@context":"https:\/\/schema.org","@graph":[{"@type":"WebSite","@id":"https:\/\/aheaddata.com\/fr\/#website","url":"https:\/\/aheaddata.com\/fr\/","name":"Ahead Data","description":"Programmation, web, s\u00e9curit\u00e9","potentialAction":[{"@type":"SearchAction","target":{"@type":"EntryPoint","urlTemplate":"https:\/\/aheaddata.com\/fr\/?s={search_term_string}"},"query-input":"required name=search_term_string"}],"inLanguage":"fr-FR"},{"@type":"WebPage","@id":"https:\/\/aheaddata.com\/fr\/hosting\/","url":"https:\/\/aheaddata.com\/fr\/hosting\/","name":"Hosting - Ahead Data","isPartOf":{"@id":"https:\/\/aheaddata.com\/fr\/#website"},"datePublished":"2014-02-06T13:33:51+00:00","dateModified":"2022-11-03T09:47:27+00:00","description":"(Espa\u00f1ol) Hosting y correo web, VPS seg\u00fan tus necesidades, administraci\u00f3n de servidores Linux y Windows, Cloud Computing con los mejores proveedores, web hosting","breadcrumb":{"@id":"https:\/\/aheaddata.com\/fr\/hosting\/#breadcrumb"},"inLanguage":"fr-FR","potentialAction":[{"@type":"ReadAction","target":[["https:\/\/aheaddata.com\/fr\/hosting\/"]]}]},{"@type":"BreadcrumbList","@id":"https:\/\/aheaddata.com\/fr\/hosting\/#breadcrumb","itemListElement":[{"@type":"ListItem","position":1,"name":"Inici","item":"https:\/\/aheaddata.com\/fr\/"},{"@type":"ListItem","position":2,"name":"Hosting"}]}]}},"_links":{"self":[{"href":"https:\/\/aheaddata.com\/fr\/wp-json\/wp\/v2\/pages\/240"}],"collection":[{"href":"https:\/\/aheaddata.com\/fr\/wp-json\/wp\/v2\/pages"}],"about":[{"href":"https:\/\/aheaddata.com\/fr\/wp-json\/wp\/v2\/types\/page"}],"author":[{"embeddable":true,"href":"https:\/\/aheaddata.com\/fr\/wp-json\/wp\/v2\/users\/333999"}],"replies":[{"embeddable":true,"href":"https:\/\/aheaddata.com\/fr\/wp-json\/wp\/v2\/comments?post=240"}],"version-history":[{"count":44,"href":"https:\/\/aheaddata.com\/fr\/wp-json\/wp\/v2\/pages\/240\/revisions"}],"predecessor-version":[{"id":1125,"href":"https:\/\/aheaddata.com\/fr\/wp-json\/wp\/v2\/pages\/240\/revisions\/1125"}],"wp:attachment":[{"href":"https:\/\/aheaddata.com\/fr\/wp-json\/wp\/v2\/media?parent=240"}],"curies":[{"name":"wp","href":"https:\/\/api.w.org\/{rel}","templated":true}]}}