{"id":124,"date":"2013-09-28T10:09:40","date_gmt":"2013-09-28T10:09:40","guid":{"rendered":"https:\/\/aheaddata.com\/products-page\/"},"modified":"2022-11-03T09:47:27","modified_gmt":"2022-11-03T09:47:27","slug":"products","status":"publish","type":"page","link":"https:\/\/aheaddata.com\/fr\/products\/","title":{"rendered":"Produits"},"content":{"rendered":"","protected":false},"excerpt":{"rendered":"","protected":false},"author":333999,"featured_media":0,"parent":0,"menu_order":3,"comment_status":"closed","ping_status":"closed","template":"","meta":[],"yoast_head":"<!-- This site is optimized with the Yoast SEO plugin v19.4 - https:\/\/yoast.com\/wordpress\/plugins\/seo\/ -->\n<title>Produits - Ahead Data<\/title>\n<meta name=\"description\" content=\"(Espa\u00f1ol) Registro de dominio con atenci\u00f3n personalizada, software especializado para compa\u00f1\u00edas discogr\u00e1ficas que ayudara a calcular los royalties de forma rapida\" \/>\n<meta name=\"robots\" content=\"index, follow, max-snippet:-1, max-image-preview:large, max-video-preview:-1\" \/>\n<link rel=\"canonical\" href=\"https:\/\/aheaddata.com\/fr\/products\/\" \/>\n<meta property=\"og:locale\" content=\"fr_FR\" \/>\n<meta property=\"og:type\" content=\"article\" \/>\n<meta property=\"og:title\" content=\"Produits - Ahead Data\" \/>\n<meta property=\"og:description\" content=\"(Espa\u00f1ol) Registro de dominio con atenci\u00f3n personalizada, software especializado para compa\u00f1\u00edas discogr\u00e1ficas que ayudara a calcular los royalties de forma rapida\" \/>\n<meta property=\"og:url\" content=\"https:\/\/aheaddata.com\/fr\/products\/\" \/>\n<meta property=\"og:site_name\" content=\"Ahead Data\" \/>\n<meta property=\"article:modified_time\" content=\"2022-11-03T09:47:27+00:00\" \/>\n<meta name=\"twitter:card\" content=\"summary\" \/>\n<script type=\"application\/ld+json\" class=\"yoast-schema-graph\">{\"@context\":\"https:\/\/schema.org\",\"@graph\":[{\"@type\":\"WebSite\",\"@id\":\"https:\/\/aheaddata.com\/fr\/#website\",\"url\":\"https:\/\/aheaddata.com\/fr\/\",\"name\":\"Ahead Data\",\"description\":\"Programmation, web, s\u00e9curit\u00e9\",\"potentialAction\":[{\"@type\":\"SearchAction\",\"target\":{\"@type\":\"EntryPoint\",\"urlTemplate\":\"https:\/\/aheaddata.com\/fr\/?s={search_term_string}\"},\"query-input\":\"required name=search_term_string\"}],\"inLanguage\":\"fr-FR\"},{\"@type\":\"WebPage\",\"@id\":\"https:\/\/aheaddata.com\/fr\/products\/\",\"url\":\"https:\/\/aheaddata.com\/fr\/products\/\",\"name\":\"Produits - Ahead Data\",\"isPartOf\":{\"@id\":\"https:\/\/aheaddata.com\/fr\/#website\"},\"datePublished\":\"2013-09-28T10:09:40+00:00\",\"dateModified\":\"2022-11-03T09:47:27+00:00\",\"description\":\"(Espa\u00f1ol) Registro de dominio con atenci\u00f3n personalizada, software especializado para compa\u00f1\u00edas discogr\u00e1ficas que ayudara a calcular los royalties de forma rapida\",\"breadcrumb\":{\"@id\":\"https:\/\/aheaddata.com\/fr\/products\/#breadcrumb\"},\"inLanguage\":\"fr-FR\",\"potentialAction\":[{\"@type\":\"ReadAction\",\"target\":[[\"https:\/\/aheaddata.com\/fr\/products\/\"]]}]},{\"@type\":\"BreadcrumbList\",\"@id\":\"https:\/\/aheaddata.com\/fr\/products\/#breadcrumb\",\"itemListElement\":[{\"@type\":\"ListItem\",\"position\":1,\"name\":\"Inici\",\"item\":\"https:\/\/aheaddata.com\/fr\/\"},{\"@type\":\"ListItem\",\"position\":2,\"name\":\"Productes\"}]}]}<\/script>\n<!-- \/ Yoast SEO plugin. -->","yoast_head_json":{"title":"Produits - Ahead Data","description":"(Espa\u00f1ol) Registro de dominio con atenci\u00f3n personalizada, software especializado para compa\u00f1\u00edas discogr\u00e1ficas que ayudara a calcular los royalties de forma rapida","robots":{"index":"index","follow":"follow","max-snippet":"max-snippet:-1","max-image-preview":"max-image-preview:large","max-video-preview":"max-video-preview:-1"},"canonical":"https:\/\/aheaddata.com\/fr\/products\/","og_locale":"fr_FR","og_type":"article","og_title":"Produits - Ahead Data","og_description":"(Espa\u00f1ol) Registro de dominio con atenci\u00f3n personalizada, software especializado para compa\u00f1\u00edas discogr\u00e1ficas que ayudara a calcular los royalties de forma rapida","og_url":"https:\/\/aheaddata.com\/fr\/products\/","og_site_name":"Ahead Data","article_modified_time":"2022-11-03T09:47:27+00:00","twitter_card":"summary","schema":{"@context":"https:\/\/schema.org","@graph":[{"@type":"WebSite","@id":"https:\/\/aheaddata.com\/fr\/#website","url":"https:\/\/aheaddata.com\/fr\/","name":"Ahead Data","description":"Programmation, web, s\u00e9curit\u00e9","potentialAction":[{"@type":"SearchAction","target":{"@type":"EntryPoint","urlTemplate":"https:\/\/aheaddata.com\/fr\/?s={search_term_string}"},"query-input":"required name=search_term_string"}],"inLanguage":"fr-FR"},{"@type":"WebPage","@id":"https:\/\/aheaddata.com\/fr\/products\/","url":"https:\/\/aheaddata.com\/fr\/products\/","name":"Produits - Ahead Data","isPartOf":{"@id":"https:\/\/aheaddata.com\/fr\/#website"},"datePublished":"2013-09-28T10:09:40+00:00","dateModified":"2022-11-03T09:47:27+00:00","description":"(Espa\u00f1ol) Registro de dominio con atenci\u00f3n personalizada, software especializado para compa\u00f1\u00edas discogr\u00e1ficas que ayudara a calcular los royalties de forma rapida","breadcrumb":{"@id":"https:\/\/aheaddata.com\/fr\/products\/#breadcrumb"},"inLanguage":"fr-FR","potentialAction":[{"@type":"ReadAction","target":[["https:\/\/aheaddata.com\/fr\/products\/"]]}]},{"@type":"BreadcrumbList","@id":"https:\/\/aheaddata.com\/fr\/products\/#breadcrumb","itemListElement":[{"@type":"ListItem","position":1,"name":"Inici","item":"https:\/\/aheaddata.com\/fr\/"},{"@type":"ListItem","position":2,"name":"Productes"}]}]}},"_links":{"self":[{"href":"https:\/\/aheaddata.com\/fr\/wp-json\/wp\/v2\/pages\/124"}],"collection":[{"href":"https:\/\/aheaddata.com\/fr\/wp-json\/wp\/v2\/pages"}],"about":[{"href":"https:\/\/aheaddata.com\/fr\/wp-json\/wp\/v2\/types\/page"}],"author":[{"embeddable":true,"href":"https:\/\/aheaddata.com\/fr\/wp-json\/wp\/v2\/users\/333999"}],"replies":[{"embeddable":true,"href":"https:\/\/aheaddata.com\/fr\/wp-json\/wp\/v2\/comments?post=124"}],"version-history":[{"count":6,"href":"https:\/\/aheaddata.com\/fr\/wp-json\/wp\/v2\/pages\/124\/revisions"}],"predecessor-version":[{"id":524,"href":"https:\/\/aheaddata.com\/fr\/wp-json\/wp\/v2\/pages\/124\/revisions\/524"}],"wp:attachment":[{"href":"https:\/\/aheaddata.com\/fr\/wp-json\/wp\/v2\/media?parent=124"}],"curies":[{"name":"wp","href":"https:\/\/api.w.org\/{rel}","templated":true}]}}