{"id":104,"date":"2013-09-05T15:05:10","date_gmt":"2013-09-05T15:05:10","guid":{"rendered":"https:\/\/aheaddata.com\/?page_id=104"},"modified":"2022-11-03T09:47:21","modified_gmt":"2022-11-03T09:47:21","slug":"email","status":"publish","type":"page","link":"https:\/\/aheaddata.com\/fr\/email\/","title":{"rendered":"Email"},"content":{"rendered":"<p class=\"qtranxs-available-languages-message qtranxs-available-languages-message-fr\">D\u00e9sol\u00e9, cet article est seulement disponible en <a href=\"https:\/\/aheaddata.com\/ca\/wp-json\/wp\/v2\/pages\/104\" class=\"qtranxs-available-language-link qtranxs-available-language-link-ca\" title=\"Catal\u00e0\">Catalan<\/a> et <a href=\"https:\/\/aheaddata.com\/es\/wp-json\/wp\/v2\/pages\/104\" class=\"qtranxs-available-language-link qtranxs-available-language-link-es\" title=\"Espa\u00f1ol\">Espagnol Europ\u00e9en<\/a>.<\/p>","protected":false},"excerpt":{"rendered":"<p>D\u00e9sol\u00e9, cet article est seulement disponible en Catalan et Espagnol Europ\u00e9en.<\/p>\n","protected":false},"author":333999,"featured_media":0,"parent":0,"menu_order":0,"comment_status":"closed","ping_status":"open","template":"page-fullwidth.php","meta":[],"yoast_head":"<!-- This site is optimized with the Yoast SEO plugin v19.4 - https:\/\/yoast.com\/wordpress\/plugins\/seo\/ -->\n<title>Email - Ahead Data<\/title>\n<meta name=\"robots\" content=\"index, follow, max-snippet:-1, max-image-preview:large, max-video-preview:-1\" \/>\n<link rel=\"canonical\" href=\"https:\/\/aheaddata.com\/fr\/email\/\" \/>\n<meta property=\"og:locale\" content=\"fr_FR\" \/>\n<meta property=\"og:type\" content=\"article\" \/>\n<meta property=\"og:title\" content=\"Email - Ahead Data\" \/>\n<meta property=\"og:description\" content=\"D\u00e9sol\u00e9, cet article est seulement disponible en Catalan et Espagnol Europ\u00e9en.\" \/>\n<meta property=\"og:url\" content=\"https:\/\/aheaddata.com\/fr\/email\/\" \/>\n<meta property=\"og:site_name\" content=\"Ahead Data\" \/>\n<meta property=\"article:modified_time\" content=\"2022-11-03T09:47:21+00:00\" \/>\n<meta property=\"og:image\" content=\"https:\/\/aheaddata.com\/wp-content\/uploads\/2021\/06\/1-1-300x233.jpg\" \/>\n<meta name=\"twitter:card\" content=\"summary\" \/>\n<meta name=\"twitter:label1\" content=\"Dur\u00e9e de lecture estim\u00e9e\" \/>\n\t<meta name=\"twitter:data1\" content=\"7 minutes\" \/>\n<script type=\"application\/ld+json\" class=\"yoast-schema-graph\">{\"@context\":\"https:\/\/schema.org\",\"@graph\":[{\"@type\":\"WebSite\",\"@id\":\"https:\/\/aheaddata.com\/fr\/#website\",\"url\":\"https:\/\/aheaddata.com\/fr\/\",\"name\":\"Ahead Data\",\"description\":\"Programmation, web, s\u00e9curit\u00e9\",\"potentialAction\":[{\"@type\":\"SearchAction\",\"target\":{\"@type\":\"EntryPoint\",\"urlTemplate\":\"https:\/\/aheaddata.com\/fr\/?s={search_term_string}\"},\"query-input\":\"required name=search_term_string\"}],\"inLanguage\":\"fr-FR\"},{\"@type\":\"WebPage\",\"@id\":\"https:\/\/aheaddata.com\/fr\/email\/\",\"url\":\"https:\/\/aheaddata.com\/fr\/email\/\",\"name\":\"Email - Ahead Data\",\"isPartOf\":{\"@id\":\"https:\/\/aheaddata.com\/fr\/#website\"},\"datePublished\":\"2013-09-05T15:05:10+00:00\",\"dateModified\":\"2022-11-03T09:47:21+00:00\",\"breadcrumb\":{\"@id\":\"https:\/\/aheaddata.com\/fr\/email\/#breadcrumb\"},\"inLanguage\":\"fr-FR\",\"potentialAction\":[{\"@type\":\"ReadAction\",\"target\":[[\"https:\/\/aheaddata.com\/fr\/email\/\"]]}]},{\"@type\":\"BreadcrumbList\",\"@id\":\"https:\/\/aheaddata.com\/fr\/email\/#breadcrumb\",\"itemListElement\":[{\"@type\":\"ListItem\",\"position\":1,\"name\":\"Inici\",\"item\":\"https:\/\/aheaddata.com\/fr\/\"},{\"@type\":\"ListItem\",\"position\":2,\"name\":\"Configurar email\"}]}]}<\/script>\n<!-- \/ Yoast SEO plugin. -->","yoast_head_json":{"title":"Email - Ahead Data","robots":{"index":"index","follow":"follow","max-snippet":"max-snippet:-1","max-image-preview":"max-image-preview:large","max-video-preview":"max-video-preview:-1"},"canonical":"https:\/\/aheaddata.com\/fr\/email\/","og_locale":"fr_FR","og_type":"article","og_title":"Email - Ahead Data","og_description":"D\u00e9sol\u00e9, cet article est seulement disponible en Catalan et Espagnol Europ\u00e9en.","og_url":"https:\/\/aheaddata.com\/fr\/email\/","og_site_name":"Ahead Data","article_modified_time":"2022-11-03T09:47:21+00:00","og_image":[{"url":"https:\/\/aheaddata.com\/wp-content\/uploads\/2021\/06\/1-1-300x233.jpg"}],"twitter_card":"summary","twitter_misc":{"Dur\u00e9e de lecture estim\u00e9e":"7 minutes"},"schema":{"@context":"https:\/\/schema.org","@graph":[{"@type":"WebSite","@id":"https:\/\/aheaddata.com\/fr\/#website","url":"https:\/\/aheaddata.com\/fr\/","name":"Ahead Data","description":"Programmation, web, s\u00e9curit\u00e9","potentialAction":[{"@type":"SearchAction","target":{"@type":"EntryPoint","urlTemplate":"https:\/\/aheaddata.com\/fr\/?s={search_term_string}"},"query-input":"required name=search_term_string"}],"inLanguage":"fr-FR"},{"@type":"WebPage","@id":"https:\/\/aheaddata.com\/fr\/email\/","url":"https:\/\/aheaddata.com\/fr\/email\/","name":"Email - Ahead Data","isPartOf":{"@id":"https:\/\/aheaddata.com\/fr\/#website"},"datePublished":"2013-09-05T15:05:10+00:00","dateModified":"2022-11-03T09:47:21+00:00","breadcrumb":{"@id":"https:\/\/aheaddata.com\/fr\/email\/#breadcrumb"},"inLanguage":"fr-FR","potentialAction":[{"@type":"ReadAction","target":[["https:\/\/aheaddata.com\/fr\/email\/"]]}]},{"@type":"BreadcrumbList","@id":"https:\/\/aheaddata.com\/fr\/email\/#breadcrumb","itemListElement":[{"@type":"ListItem","position":1,"name":"Inici","item":"https:\/\/aheaddata.com\/fr\/"},{"@type":"ListItem","position":2,"name":"Configurar email"}]}]}},"_links":{"self":[{"href":"https:\/\/aheaddata.com\/fr\/wp-json\/wp\/v2\/pages\/104"}],"collection":[{"href":"https:\/\/aheaddata.com\/fr\/wp-json\/wp\/v2\/pages"}],"about":[{"href":"https:\/\/aheaddata.com\/fr\/wp-json\/wp\/v2\/types\/page"}],"author":[{"embeddable":true,"href":"https:\/\/aheaddata.com\/fr\/wp-json\/wp\/v2\/users\/333999"}],"replies":[{"embeddable":true,"href":"https:\/\/aheaddata.com\/fr\/wp-json\/wp\/v2\/comments?post=104"}],"version-history":[{"count":38,"href":"https:\/\/aheaddata.com\/fr\/wp-json\/wp\/v2\/pages\/104\/revisions"}],"predecessor-version":[{"id":1117,"href":"https:\/\/aheaddata.com\/fr\/wp-json\/wp\/v2\/pages\/104\/revisions\/1117"}],"wp:attachment":[{"href":"https:\/\/aheaddata.com\/fr\/wp-json\/wp\/v2\/media?parent=104"}],"curies":[{"name":"wp","href":"https:\/\/api.w.org\/{rel}","templated":true}]}}