{"id":240,"date":"2014-02-06T13:33:51","date_gmt":"2014-02-06T13:33:51","guid":{"rendered":"https:\/\/aheaddata.com\/?page_id=240"},"modified":"2022-11-03T09:47:27","modified_gmt":"2022-11-03T09:47:27","slug":"hosting","status":"publish","type":"page","link":"https:\/\/aheaddata.com\/es\/hosting\/","title":{"rendered":"Hosting"},"content":{"rendered":"Nuestra prioridad es darte el mejor servicio de hosting posible, y por eso:<\/p>\n<ul>\n<li><span style=\"text-decoration: underline;\">NO<\/span> ofrecemos el hosting m\u00e1s barato, pero\u00a0<span style=\"text-decoration: underline;\">NO<\/span>\u00a0subimos los precios desde hace m\u00e1s de tres a\u00f1os<\/li>\n<li><span style=\"text-decoration: underline;\">NO<\/span> tenemos un tel\u00e9fono 902, nuestra comunicaci\u00f3n es transparente<\/li>\n<li>Quien te contesta al tel\u00e9fono o por email\u00a0<span style=\"text-decoration: underline;\">TIENE<\/span>\u00a0conocimientos y permiso para solucionar tu problema<\/li>\n<li>Mejoramos peri\u00f3dicamente las condiciones de nuestros clientes m\u00e1s fieles, <span style=\"text-decoration: underline;\">sin coste para ellos<\/span><\/li>\n<li>La mayor\u00eda de los nuevos clientes llegan aconsejados por otros clientes<\/li>\n<\/ul>\n<div class=\"clearfix\"><\/div>\n<div id=\"top1\" class=\"span3\">\n<h3><strong>Administraci\u00f3n de servidores en r\u00e9gimen de 24&#215;7:<\/strong><\/h3>\n<ul>\n<li>Desde 100\u20ac\/mes<\/li>\n<li><a title=\"Contactar para pedir presupuesto de hosting\" href=\"https:\/\/aheaddata\/es\/contacte\">Cont\u00e1ctanos<\/a>\u00a0y analizaremos tus necesidades<\/li>\n<\/ul>\n<\/div>\n<div id=\"top2\" class=\"span3\">\n<h3><strong>Alojamiento din\u00e1mico en Cloud Computing:<\/strong><\/h3>\n<ul>\n<li>Con los mejores proveedores: Amazon, Rackspace, Acens&#8230;<\/li>\n<li><a title=\"Contactar para pedir presupuesto de hosting\" href=\"https:\/\/aheaddata\/es\/contacte\">Cont\u00e1ctanos<\/a>,\u00a0te explicaremos nuestras experiencias y c\u00f3mo la Computaci\u00f3n en la Nube puede ahorrarte dinero<\/li>\n<\/ul>\n<\/div>\n<div id=\"top3\" class=\"span3\">\n<h3><strong>Alojamiento VPS:\u00a0<\/strong><\/h3>\n<ul>\n<li>Desde 50\u20ac\/mes<\/li>\n<li><a title=\"Contactar para pedir presupuesto de hosting\" href=\"https:\/\/aheaddata\/es\/contacte\">Cont\u00e1ctanos<\/a>\u00a0y haznos llegar tus necesidades de alojamiento<\/li>\n<\/ul>\n<\/div>\n<div id=\"top4\" class=\"span3\">\n<h3><strong>Alojamiento web desde 9,95\u20ac\/mes:<\/strong><\/h3>\n<ul>\n<li>Panel profesional<\/li>\n<li>1 GB de disco.<\/li>\n<li>10\u00a0GB\/mes de transferencia<\/li>\n<li>Emails, bases de datos y dominios ilimitados *<\/li>\n<li>Sin l\u00edmite de webs<\/li>\n<li>Si\u00a0 necesidades ayuda sobre que plan contratar\u00a0 <a title=\"Contactar per demanar pressupost de hosting\" href=\"https:\/\/aheaddata\/contacte\">\u00a1c<\/a><a title=\"Contactar para pedir presupuesto de hosting\" href=\"https:\/\/aheaddata\/es\/contacte\">ont\u00e1ctanos<\/a>! y le asesoraremos.<\/li>\n<\/ul>\n<p>* Los dominios se facturan aparte<\/p>\n<\/div>\n<div class=\"clearfix\"><\/div>\n<h3 style=\"text-align: center;\"><a title=\"Clientes que han contratado con AheadData\" href=\"https:\/\/aheaddata.com\/es\/els-nostres-clients\/\" target=\"_blank\" rel=\"noopener\">\u00bfQuieres saber qui\u00e9n ha confiado en nosotros?<\/a><\/h3>\n<p>Los precios no incluyen impuestos.","protected":false},"excerpt":{"rendered":"<p>Nuestra prioridad es darte el mejor servicio de hosting posible, y por eso: NO ofrecemos el hosting m\u00e1s barato, pero\u00a0NO\u00a0subimos los precios desde hace m\u00e1s de tres a\u00f1os NO tenemos un tel\u00e9fono 902, nuestra comunicaci\u00f3n es transparente Quien te contesta &hellip; <a href=\"https:\/\/aheaddata.com\/es\/hosting\/\">Continuar<\/a><\/p>\n","protected":false},"author":333999,"featured_media":0,"parent":0,"menu_order":0,"comment_status":"closed","ping_status":"open","template":"page-fullwidth.php","meta":[],"yoast_head":"<!-- This site is optimized with the Yoast SEO plugin v19.4 - https:\/\/yoast.com\/wordpress\/plugins\/seo\/ -->\n<title>Hosting - Ahead Data Inform\u00e1tica<\/title>\n<meta name=\"description\" content=\"Hosting y correo web, VPS seg\u00fan tus necesidades, administraci\u00f3n de servidores Linux y Windows, Cloud Computing con los mejores proveedores, web hosting\" \/>\n<meta name=\"robots\" content=\"index, follow, max-snippet:-1, max-image-preview:large, max-video-preview:-1\" \/>\n<link rel=\"canonical\" href=\"https:\/\/aheaddata.com\/es\/hosting\/\" \/>\n<meta property=\"og:locale\" content=\"es_ES\" \/>\n<meta property=\"og:type\" content=\"article\" \/>\n<meta property=\"og:title\" content=\"Hosting - Ahead Data Inform\u00e1tica\" \/>\n<meta property=\"og:description\" content=\"Hosting y correo web, VPS seg\u00fan tus necesidades, administraci\u00f3n de servidores Linux y Windows, Cloud Computing con los mejores proveedores, web hosting\" \/>\n<meta property=\"og:url\" content=\"https:\/\/aheaddata.com\/es\/hosting\/\" \/>\n<meta property=\"og:site_name\" content=\"Ahead Data Inform\u00e1tica\" \/>\n<meta property=\"article:modified_time\" content=\"2022-11-03T09:47:27+00:00\" \/>\n<meta name=\"twitter:card\" content=\"summary\" \/>\n<meta name=\"twitter:label1\" content=\"Tiempo de lectura\" \/>\n\t<meta name=\"twitter:data1\" content=\"2 minutos\" \/>\n<script type=\"application\/ld+json\" class=\"yoast-schema-graph\">{\"@context\":\"https:\/\/schema.org\",\"@graph\":[{\"@type\":\"WebSite\",\"@id\":\"https:\/\/aheaddata.com\/es\/#website\",\"url\":\"https:\/\/aheaddata.com\/es\/\",\"name\":\"Ahead Data Inform\u00e1tica\",\"description\":\"Programaci\u00f3n, dise\u00f1o web y mantenimiento inform\u00e1tico\",\"potentialAction\":[{\"@type\":\"SearchAction\",\"target\":{\"@type\":\"EntryPoint\",\"urlTemplate\":\"https:\/\/aheaddata.com\/es\/?s={search_term_string}\"},\"query-input\":\"required name=search_term_string\"}],\"inLanguage\":\"es\"},{\"@type\":\"WebPage\",\"@id\":\"https:\/\/aheaddata.com\/es\/hosting\/\",\"url\":\"https:\/\/aheaddata.com\/es\/hosting\/\",\"name\":\"Hosting - Ahead Data Inform\u00e1tica\",\"isPartOf\":{\"@id\":\"https:\/\/aheaddata.com\/es\/#website\"},\"datePublished\":\"2014-02-06T13:33:51+00:00\",\"dateModified\":\"2022-11-03T09:47:27+00:00\",\"description\":\"Hosting y correo web, VPS seg\u00fan tus necesidades, administraci\u00f3n de servidores Linux y Windows, Cloud Computing con los mejores proveedores, web hosting\",\"breadcrumb\":{\"@id\":\"https:\/\/aheaddata.com\/es\/hosting\/#breadcrumb\"},\"inLanguage\":\"es\",\"potentialAction\":[{\"@type\":\"ReadAction\",\"target\":[[\"https:\/\/aheaddata.com\/es\/hosting\/\"]]}]},{\"@type\":\"BreadcrumbList\",\"@id\":\"https:\/\/aheaddata.com\/es\/hosting\/#breadcrumb\",\"itemListElement\":[{\"@type\":\"ListItem\",\"position\":1,\"name\":\"Inici\",\"item\":\"https:\/\/aheaddata.com\/es\/\"},{\"@type\":\"ListItem\",\"position\":2,\"name\":\"Hosting\"}]}]}<\/script>\n<!-- \/ Yoast SEO plugin. -->","yoast_head_json":{"title":"Hosting - Ahead Data Inform\u00e1tica","description":"Hosting y correo web, VPS seg\u00fan tus necesidades, administraci\u00f3n de servidores Linux y Windows, Cloud Computing con los mejores proveedores, web hosting","robots":{"index":"index","follow":"follow","max-snippet":"max-snippet:-1","max-image-preview":"max-image-preview:large","max-video-preview":"max-video-preview:-1"},"canonical":"https:\/\/aheaddata.com\/es\/hosting\/","og_locale":"es_ES","og_type":"article","og_title":"Hosting - Ahead Data Inform\u00e1tica","og_description":"Hosting y correo web, VPS seg\u00fan tus necesidades, administraci\u00f3n de servidores Linux y Windows, Cloud Computing con los mejores proveedores, web hosting","og_url":"https:\/\/aheaddata.com\/es\/hosting\/","og_site_name":"Ahead Data Inform\u00e1tica","article_modified_time":"2022-11-03T09:47:27+00:00","twitter_card":"summary","twitter_misc":{"Tiempo de lectura":"2 minutos"},"schema":{"@context":"https:\/\/schema.org","@graph":[{"@type":"WebSite","@id":"https:\/\/aheaddata.com\/es\/#website","url":"https:\/\/aheaddata.com\/es\/","name":"Ahead Data Inform\u00e1tica","description":"Programaci\u00f3n, dise\u00f1o web y mantenimiento inform\u00e1tico","potentialAction":[{"@type":"SearchAction","target":{"@type":"EntryPoint","urlTemplate":"https:\/\/aheaddata.com\/es\/?s={search_term_string}"},"query-input":"required name=search_term_string"}],"inLanguage":"es"},{"@type":"WebPage","@id":"https:\/\/aheaddata.com\/es\/hosting\/","url":"https:\/\/aheaddata.com\/es\/hosting\/","name":"Hosting - Ahead Data Inform\u00e1tica","isPartOf":{"@id":"https:\/\/aheaddata.com\/es\/#website"},"datePublished":"2014-02-06T13:33:51+00:00","dateModified":"2022-11-03T09:47:27+00:00","description":"Hosting y correo web, VPS seg\u00fan tus necesidades, administraci\u00f3n de servidores Linux y Windows, Cloud Computing con los mejores proveedores, web hosting","breadcrumb":{"@id":"https:\/\/aheaddata.com\/es\/hosting\/#breadcrumb"},"inLanguage":"es","potentialAction":[{"@type":"ReadAction","target":[["https:\/\/aheaddata.com\/es\/hosting\/"]]}]},{"@type":"BreadcrumbList","@id":"https:\/\/aheaddata.com\/es\/hosting\/#breadcrumb","itemListElement":[{"@type":"ListItem","position":1,"name":"Inici","item":"https:\/\/aheaddata.com\/es\/"},{"@type":"ListItem","position":2,"name":"Hosting"}]}]}},"_links":{"self":[{"href":"https:\/\/aheaddata.com\/es\/wp-json\/wp\/v2\/pages\/240"}],"collection":[{"href":"https:\/\/aheaddata.com\/es\/wp-json\/wp\/v2\/pages"}],"about":[{"href":"https:\/\/aheaddata.com\/es\/wp-json\/wp\/v2\/types\/page"}],"author":[{"embeddable":true,"href":"https:\/\/aheaddata.com\/es\/wp-json\/wp\/v2\/users\/333999"}],"replies":[{"embeddable":true,"href":"https:\/\/aheaddata.com\/es\/wp-json\/wp\/v2\/comments?post=240"}],"version-history":[{"count":44,"href":"https:\/\/aheaddata.com\/es\/wp-json\/wp\/v2\/pages\/240\/revisions"}],"predecessor-version":[{"id":1125,"href":"https:\/\/aheaddata.com\/es\/wp-json\/wp\/v2\/pages\/240\/revisions\/1125"}],"wp:attachment":[{"href":"https:\/\/aheaddata.com\/es\/wp-json\/wp\/v2\/media?parent=240"}],"curies":[{"name":"wp","href":"https:\/\/api.w.org\/{rel}","templated":true}]}}