{"id":57,"date":"2013-08-14T14:53:34","date_gmt":"2013-08-14T14:53:34","guid":{"rendered":"https:\/\/localhost\/aheaddata\/?page_id=57"},"modified":"2024-04-29T09:32:27","modified_gmt":"2024-04-29T09:32:27","slug":"contacte","status":"publish","type":"page","link":"https:\/\/aheaddata.com\/en\/contacte\/","title":{"rendered":"Contact"},"content":{"rendered":"<img loading=\"lazy\" class=\"alignleft wp-image-62 \" src=\"https:\/\/aheaddata.com\/wp-content\/uploads\/2013\/08\/1237883_54023528.jpg\" alt=\"computer\" width=\"351\" height=\"234\" srcset=\"https:\/\/aheaddata.com\/wp-content\/uploads\/2013\/08\/1237883_54023528.jpg 3504w, https:\/\/aheaddata.com\/wp-content\/uploads\/2013\/08\/1237883_54023528-600x400.jpg 600w, https:\/\/aheaddata.com\/wp-content\/uploads\/2013\/08\/1237883_54023528-300x200.jpg 300w, https:\/\/aheaddata.com\/wp-content\/uploads\/2013\/08\/1237883_54023528-1024x682.jpg 1024w, https:\/\/aheaddata.com\/wp-content\/uploads\/2013\/08\/1237883_54023528-1170x780.jpg 1170w, https:\/\/aheaddata.com\/wp-content\/uploads\/2013\/08\/1237883_54023528-100x66.jpg 100w, https:\/\/aheaddata.com\/wp-content\/uploads\/2013\/08\/1237883_54023528-31x20.jpg 31w, https:\/\/aheaddata.com\/wp-content\/uploads\/2013\/08\/1237883_54023528-38x25.jpg 38w, https:\/\/aheaddata.com\/wp-content\/uploads\/2013\/08\/1237883_54023528-322x215.jpg 322w\" sizes=\"(max-width: 351px) 100vw, 351px\" \/><br \/>\n<b>Ahead Data S.R.L<\/b><br \/>\n<span style=\"font-size: 8pt;\">Num\u00e9ro de TVA: ESB54519152<\/span><br \/>\nT\u00e9l\u00e9phone: <a href=\"tel:+34965049191\">+34 96 504 91 91<\/a><br \/>\nEmail:<a href=\"mailto:mail@aheaddata.com\"> mail@aheaddata.com<\/a><br \/>\n<strong>Adresse fiscale \/ de facturation:<\/strong><br \/>\nAv. Alameda Camilo Sesto 74, Oficina 18<br \/>\n03803 Alcoy (Alicante) ESPAGNE<br \/>\n<strong>Adresse de bureau \/ d&#8217;exp\u00e9dition:<\/strong><br \/>\nAv. Alameda Camilo Sesto 74, Oficina 18<br \/>\n03803 Alcoy (Alicante) ESPAGNE<\/p>\n<p>V\u00e9rifiez les\u00a0<a href=\"https:\/\/aheaddata.com\/wp-content\/servicios-AheadData-RGPD.pdf\">conditions g\u00e9n\u00e9rales pour nos services,\u00a0confidentialit\u00e9 et protection des donn\u00e9es personnelles\u00a0<\/a><\/p>\n<p>V\u00e9rifiez les\u00a0<a href=\"https:\/\/aheaddata.com\/es\/informacio-sobre-cookies\/\" target=\"_blank\" rel=\"noopener noreferrer\">conditions sur l&#8217;utilisation des cookies<\/a><\/p>\n<p>Inscrita en el registro mercantil de Alicante el 21\/09\/2010, tomo 3476, folio 170, inscripci\u00f3n 1, hoja 122714, secci\u00f3n 9.<\/p>\n<h3>Legal compliance<\/h3>\n<p>Para mayor seguridad de nuestros clientes, nuestra compa\u00f1\u00eda est\u00e1 estableciendo procedimientos de actuaci\u00f3n y notificaci\u00f3n ante los riesgos a que pueda enfrentarse la compa\u00f1\u00eda o sus clientes para la adaptaci\u00f3n al marco del Legal Compliance. Si tiene dudas al respecto, por favor p\u00f3ngase en contacto con nosotros.","protected":false},"excerpt":{"rendered":"<p>Ahead Data S.R.L Num\u00e9ro de TVA: ESB54519152 T\u00e9l\u00e9phone: +34 96 504 91 91 Email: mail@aheaddata.com Adresse fiscale \/ de facturation: Av. Alameda Camilo Sesto 74, Oficina 18 03803 Alcoy (Alicante) ESPAGNE Adresse de bureau \/ d&#8217;exp\u00e9dition: Av. Alameda Camilo Sesto &hellip; <a href=\"https:\/\/aheaddata.com\/en\/contacte\/\">Continued<\/a><\/p>\n","protected":false},"author":333999,"featured_media":0,"parent":0,"menu_order":5,"comment_status":"closed","ping_status":"closed","template":"","meta":[],"yoast_head":"<!-- This site is optimized with the Yoast SEO plugin v19.4 - https:\/\/yoast.com\/wordpress\/plugins\/seo\/ -->\n<title>Contact - Ahead Data<\/title>\n<meta name=\"robots\" content=\"index, follow, max-snippet:-1, max-image-preview:large, max-video-preview:-1\" \/>\n<link rel=\"canonical\" href=\"https:\/\/aheaddata.com\/en\/contacte\/\" \/>\n<meta property=\"og:locale\" content=\"en_US\" \/>\n<meta property=\"og:type\" content=\"article\" \/>\n<meta property=\"og:title\" content=\"Contact - Ahead Data\" \/>\n<meta property=\"og:description\" content=\"Ahead Data S.R.L Num\u00e9ro de TVA: ESB54519152 T\u00e9l\u00e9phone: +34 96 504 91 91 Email: mail@aheaddata.com Adresse fiscale \/ de facturation: Av. Alameda Camilo Sesto 74, Oficina 18 03803 Alcoy (Alicante) ESPAGNE Adresse de bureau \/ d&#8217;exp\u00e9dition: Av. Alameda Camilo Sesto &hellip; Continued\" \/>\n<meta property=\"og:url\" content=\"https:\/\/aheaddata.com\/en\/contacte\/\" \/>\n<meta property=\"og:site_name\" content=\"Ahead Data\" \/>\n<meta property=\"article:modified_time\" content=\"2024-04-29T09:32:27+00:00\" \/>\n<meta property=\"og:image\" content=\"https:\/\/aheaddata.com\/wp-content\/uploads\/2013\/08\/1237883_54023528.jpg\" \/>\n<meta name=\"twitter:card\" content=\"summary\" \/>\n<meta name=\"twitter:label1\" content=\"Est. reading time\" \/>\n\t<meta name=\"twitter:data1\" content=\"1 minute\" \/>\n<script type=\"application\/ld+json\" class=\"yoast-schema-graph\">{\"@context\":\"https:\/\/schema.org\",\"@graph\":[{\"@type\":\"WebSite\",\"@id\":\"https:\/\/aheaddata.com\/en\/#website\",\"url\":\"https:\/\/aheaddata.com\/en\/\",\"name\":\"Ahead Data\",\"description\":\"Coding, web design and technical assistance\",\"potentialAction\":[{\"@type\":\"SearchAction\",\"target\":{\"@type\":\"EntryPoint\",\"urlTemplate\":\"https:\/\/aheaddata.com\/en\/?s={search_term_string}\"},\"query-input\":\"required name=search_term_string\"}],\"inLanguage\":\"en-US\"},{\"@type\":\"WebPage\",\"@id\":\"https:\/\/aheaddata.com\/en\/contacte\/\",\"url\":\"https:\/\/aheaddata.com\/en\/contacte\/\",\"name\":\"Contact - Ahead Data\",\"isPartOf\":{\"@id\":\"https:\/\/aheaddata.com\/en\/#website\"},\"datePublished\":\"2013-08-14T14:53:34+00:00\",\"dateModified\":\"2024-04-29T09:32:27+00:00\",\"breadcrumb\":{\"@id\":\"https:\/\/aheaddata.com\/en\/contacte\/#breadcrumb\"},\"inLanguage\":\"en-US\",\"potentialAction\":[{\"@type\":\"ReadAction\",\"target\":[[\"https:\/\/aheaddata.com\/en\/contacte\/\"]]}]},{\"@type\":\"BreadcrumbList\",\"@id\":\"https:\/\/aheaddata.com\/en\/contacte\/#breadcrumb\",\"itemListElement\":[{\"@type\":\"ListItem\",\"position\":1,\"name\":\"Inici\",\"item\":\"https:\/\/aheaddata.com\/en\/\"},{\"@type\":\"ListItem\",\"position\":2,\"name\":\"Contacte\"}]}]}<\/script>\n<!-- \/ Yoast SEO plugin. -->","yoast_head_json":{"title":"Contact - Ahead Data","robots":{"index":"index","follow":"follow","max-snippet":"max-snippet:-1","max-image-preview":"max-image-preview:large","max-video-preview":"max-video-preview:-1"},"canonical":"https:\/\/aheaddata.com\/en\/contacte\/","og_locale":"en_US","og_type":"article","og_title":"Contact - Ahead Data","og_description":"Ahead Data S.R.L Num\u00e9ro de TVA: ESB54519152 T\u00e9l\u00e9phone: +34 96 504 91 91 Email: mail@aheaddata.com Adresse fiscale \/ de facturation: Av. Alameda Camilo Sesto 74, Oficina 18 03803 Alcoy (Alicante) ESPAGNE Adresse de bureau \/ d&#8217;exp\u00e9dition: Av. Alameda Camilo Sesto &hellip; Continued","og_url":"https:\/\/aheaddata.com\/en\/contacte\/","og_site_name":"Ahead Data","article_modified_time":"2024-04-29T09:32:27+00:00","og_image":[{"url":"https:\/\/aheaddata.com\/wp-content\/uploads\/2013\/08\/1237883_54023528.jpg"}],"twitter_card":"summary","twitter_misc":{"Est. reading time":"1 minute"},"schema":{"@context":"https:\/\/schema.org","@graph":[{"@type":"WebSite","@id":"https:\/\/aheaddata.com\/en\/#website","url":"https:\/\/aheaddata.com\/en\/","name":"Ahead Data","description":"Coding, web design and technical assistance","potentialAction":[{"@type":"SearchAction","target":{"@type":"EntryPoint","urlTemplate":"https:\/\/aheaddata.com\/en\/?s={search_term_string}"},"query-input":"required name=search_term_string"}],"inLanguage":"en-US"},{"@type":"WebPage","@id":"https:\/\/aheaddata.com\/en\/contacte\/","url":"https:\/\/aheaddata.com\/en\/contacte\/","name":"Contact - Ahead Data","isPartOf":{"@id":"https:\/\/aheaddata.com\/en\/#website"},"datePublished":"2013-08-14T14:53:34+00:00","dateModified":"2024-04-29T09:32:27+00:00","breadcrumb":{"@id":"https:\/\/aheaddata.com\/en\/contacte\/#breadcrumb"},"inLanguage":"en-US","potentialAction":[{"@type":"ReadAction","target":[["https:\/\/aheaddata.com\/en\/contacte\/"]]}]},{"@type":"BreadcrumbList","@id":"https:\/\/aheaddata.com\/en\/contacte\/#breadcrumb","itemListElement":[{"@type":"ListItem","position":1,"name":"Inici","item":"https:\/\/aheaddata.com\/en\/"},{"@type":"ListItem","position":2,"name":"Contacte"}]}]}},"_links":{"self":[{"href":"https:\/\/aheaddata.com\/en\/wp-json\/wp\/v2\/pages\/57"}],"collection":[{"href":"https:\/\/aheaddata.com\/en\/wp-json\/wp\/v2\/pages"}],"about":[{"href":"https:\/\/aheaddata.com\/en\/wp-json\/wp\/v2\/types\/page"}],"author":[{"embeddable":true,"href":"https:\/\/aheaddata.com\/en\/wp-json\/wp\/v2\/users\/333999"}],"replies":[{"embeddable":true,"href":"https:\/\/aheaddata.com\/en\/wp-json\/wp\/v2\/comments?post=57"}],"version-history":[{"count":33,"href":"https:\/\/aheaddata.com\/en\/wp-json\/wp\/v2\/pages\/57\/revisions"}],"predecessor-version":[{"id":1168,"href":"https:\/\/aheaddata.com\/en\/wp-json\/wp\/v2\/pages\/57\/revisions\/1168"}],"wp:attachment":[{"href":"https:\/\/aheaddata.com\/en\/wp-json\/wp\/v2\/media?parent=57"}],"curies":[{"name":"wp","href":"https:\/\/api.w.org\/{rel}","templated":true}]}}