{"id":397,"date":"2016-04-26T09:03:19","date_gmt":"2016-04-26T09:03:19","guid":{"rendered":"https:\/\/aheaddata.com\/?page_id=397"},"modified":"2022-11-03T09:47:20","modified_gmt":"2022-11-03T09:47:20","slug":"asistencia-tecnica","status":"publish","type":"page","link":"https:\/\/aheaddata.com\/en\/asistencia-tecnica\/","title":{"rendered":"Technical assistance"},"content":{"rendered":"<h2><i>Home IT assistance<\/i>\u00a0and\u00a0urgent technical\u00a0care<\/h2>\n<p style=\"align: justify;\"><img style=\"float: right; margin: 10px;\" src=\"https:\/\/aheaddata.com\/images\/cotxe.jpg\" alt=\"\" border=\"0\" \/><\/p>\n<ul>\n<li>We have our own <b>vehicle<\/b><\/li>\n<li>Usual <b>spare parts available<\/b><\/li>\n<li><b>Qualified staff<\/b><\/li>\n<li><b>Fast and reliable service<\/b><\/li>\n<\/ul>\n<h2>Remote assistance<\/h2>\n<p>Remote care service for those clients (usually offices and professionals) who require\u00a0quick and effective attention.","protected":false},"excerpt":{"rendered":"<p>Home IT assistance\u00a0and\u00a0urgent technical\u00a0care We have our own vehicle Usual spare parts available Qualified staff Fast and reliable service Remote assistance Remote care service for those clients (usually offices and professionals) who require\u00a0quick and effective attention.<\/p>\n","protected":false},"author":333999,"featured_media":0,"parent":0,"menu_order":0,"comment_status":"closed","ping_status":"closed","template":"","meta":[],"yoast_head":"<!-- This site is optimized with the Yoast SEO plugin v19.4 - https:\/\/yoast.com\/wordpress\/plugins\/seo\/ -->\n<title>Technical assistance - Ahead Data<\/title>\n<meta name=\"description\" content=\"(Espa\u00f1ol) Nuestros expertos dar\u00e1n asistencia t\u00e9cnica tus problemas de forma eficaz desplaz\u00e1ndonos a tu empresa o domicilio. Disponemos de los componentes m\u00e1s comunes\" \/>\n<meta name=\"robots\" content=\"index, follow, max-snippet:-1, max-image-preview:large, max-video-preview:-1\" \/>\n<link rel=\"canonical\" href=\"https:\/\/aheaddata.com\/en\/asistencia-tecnica\/\" \/>\n<meta property=\"og:locale\" content=\"en_US\" \/>\n<meta property=\"og:type\" content=\"article\" \/>\n<meta property=\"og:title\" content=\"Technical assistance - Ahead Data\" \/>\n<meta property=\"og:description\" content=\"(Espa\u00f1ol) Nuestros expertos dar\u00e1n asistencia t\u00e9cnica tus problemas de forma eficaz desplaz\u00e1ndonos a tu empresa o domicilio. Disponemos de los componentes m\u00e1s comunes\" \/>\n<meta property=\"og:url\" content=\"https:\/\/aheaddata.com\/en\/asistencia-tecnica\/\" \/>\n<meta property=\"og:site_name\" content=\"Ahead Data\" \/>\n<meta property=\"article:modified_time\" content=\"2022-11-03T09:47:20+00:00\" \/>\n<meta property=\"og:image\" content=\"https:\/\/aheaddata.com\/images\/cotxe.jpg\" \/>\n<meta name=\"twitter:card\" content=\"summary\" \/>\n<meta name=\"twitter:label1\" content=\"Est. reading time\" \/>\n\t<meta name=\"twitter:data1\" content=\"2 minutes\" \/>\n<script type=\"application\/ld+json\" class=\"yoast-schema-graph\">{\"@context\":\"https:\/\/schema.org\",\"@graph\":[{\"@type\":\"WebSite\",\"@id\":\"https:\/\/aheaddata.com\/en\/#website\",\"url\":\"https:\/\/aheaddata.com\/en\/\",\"name\":\"Ahead Data\",\"description\":\"Coding, web design and technical assistance\",\"potentialAction\":[{\"@type\":\"SearchAction\",\"target\":{\"@type\":\"EntryPoint\",\"urlTemplate\":\"https:\/\/aheaddata.com\/en\/?s={search_term_string}\"},\"query-input\":\"required name=search_term_string\"}],\"inLanguage\":\"en-US\"},{\"@type\":\"WebPage\",\"@id\":\"https:\/\/aheaddata.com\/en\/asistencia-tecnica\/\",\"url\":\"https:\/\/aheaddata.com\/en\/asistencia-tecnica\/\",\"name\":\"Technical assistance - Ahead Data\",\"isPartOf\":{\"@id\":\"https:\/\/aheaddata.com\/en\/#website\"},\"datePublished\":\"2016-04-26T09:03:19+00:00\",\"dateModified\":\"2022-11-03T09:47:20+00:00\",\"description\":\"(Espa\u00f1ol) Nuestros expertos dar\u00e1n asistencia t\u00e9cnica tus problemas de forma eficaz desplaz\u00e1ndonos a tu empresa o domicilio. Disponemos de los componentes m\u00e1s comunes\",\"breadcrumb\":{\"@id\":\"https:\/\/aheaddata.com\/en\/asistencia-tecnica\/#breadcrumb\"},\"inLanguage\":\"en-US\",\"potentialAction\":[{\"@type\":\"ReadAction\",\"target\":[[\"https:\/\/aheaddata.com\/en\/asistencia-tecnica\/\"]]}]},{\"@type\":\"BreadcrumbList\",\"@id\":\"https:\/\/aheaddata.com\/en\/asistencia-tecnica\/#breadcrumb\",\"itemListElement\":[{\"@type\":\"ListItem\",\"position\":1,\"name\":\"Inici\",\"item\":\"https:\/\/aheaddata.com\/en\/\"},{\"@type\":\"ListItem\",\"position\":2,\"name\":\"Assist\u00e8ncia t\u00e8cnica\"}]}]}<\/script>\n<!-- \/ Yoast SEO plugin. -->","yoast_head_json":{"title":"Technical assistance - Ahead Data","description":"(Espa\u00f1ol) Nuestros expertos dar\u00e1n asistencia t\u00e9cnica tus problemas de forma eficaz desplaz\u00e1ndonos a tu empresa o domicilio. Disponemos de los componentes m\u00e1s comunes","robots":{"index":"index","follow":"follow","max-snippet":"max-snippet:-1","max-image-preview":"max-image-preview:large","max-video-preview":"max-video-preview:-1"},"canonical":"https:\/\/aheaddata.com\/en\/asistencia-tecnica\/","og_locale":"en_US","og_type":"article","og_title":"Technical assistance - Ahead Data","og_description":"(Espa\u00f1ol) Nuestros expertos dar\u00e1n asistencia t\u00e9cnica tus problemas de forma eficaz desplaz\u00e1ndonos a tu empresa o domicilio. Disponemos de los componentes m\u00e1s comunes","og_url":"https:\/\/aheaddata.com\/en\/asistencia-tecnica\/","og_site_name":"Ahead Data","article_modified_time":"2022-11-03T09:47:20+00:00","og_image":[{"url":"https:\/\/aheaddata.com\/images\/cotxe.jpg"}],"twitter_card":"summary","twitter_misc":{"Est. reading time":"2 minutes"},"schema":{"@context":"https:\/\/schema.org","@graph":[{"@type":"WebSite","@id":"https:\/\/aheaddata.com\/en\/#website","url":"https:\/\/aheaddata.com\/en\/","name":"Ahead Data","description":"Coding, web design and technical assistance","potentialAction":[{"@type":"SearchAction","target":{"@type":"EntryPoint","urlTemplate":"https:\/\/aheaddata.com\/en\/?s={search_term_string}"},"query-input":"required name=search_term_string"}],"inLanguage":"en-US"},{"@type":"WebPage","@id":"https:\/\/aheaddata.com\/en\/asistencia-tecnica\/","url":"https:\/\/aheaddata.com\/en\/asistencia-tecnica\/","name":"Technical assistance - Ahead Data","isPartOf":{"@id":"https:\/\/aheaddata.com\/en\/#website"},"datePublished":"2016-04-26T09:03:19+00:00","dateModified":"2022-11-03T09:47:20+00:00","description":"(Espa\u00f1ol) Nuestros expertos dar\u00e1n asistencia t\u00e9cnica tus problemas de forma eficaz desplaz\u00e1ndonos a tu empresa o domicilio. Disponemos de los componentes m\u00e1s comunes","breadcrumb":{"@id":"https:\/\/aheaddata.com\/en\/asistencia-tecnica\/#breadcrumb"},"inLanguage":"en-US","potentialAction":[{"@type":"ReadAction","target":[["https:\/\/aheaddata.com\/en\/asistencia-tecnica\/"]]}]},{"@type":"BreadcrumbList","@id":"https:\/\/aheaddata.com\/en\/asistencia-tecnica\/#breadcrumb","itemListElement":[{"@type":"ListItem","position":1,"name":"Inici","item":"https:\/\/aheaddata.com\/en\/"},{"@type":"ListItem","position":2,"name":"Assist\u00e8ncia t\u00e8cnica"}]}]}},"_links":{"self":[{"href":"https:\/\/aheaddata.com\/en\/wp-json\/wp\/v2\/pages\/397"}],"collection":[{"href":"https:\/\/aheaddata.com\/en\/wp-json\/wp\/v2\/pages"}],"about":[{"href":"https:\/\/aheaddata.com\/en\/wp-json\/wp\/v2\/types\/page"}],"author":[{"embeddable":true,"href":"https:\/\/aheaddata.com\/en\/wp-json\/wp\/v2\/users\/333999"}],"replies":[{"embeddable":true,"href":"https:\/\/aheaddata.com\/en\/wp-json\/wp\/v2\/comments?post=397"}],"version-history":[{"count":12,"href":"https:\/\/aheaddata.com\/en\/wp-json\/wp\/v2\/pages\/397\/revisions"}],"predecessor-version":[{"id":431,"href":"https:\/\/aheaddata.com\/en\/wp-json\/wp\/v2\/pages\/397\/revisions\/431"}],"wp:attachment":[{"href":"https:\/\/aheaddata.com\/en\/wp-json\/wp\/v2\/media?parent=397"}],"curies":[{"name":"wp","href":"https:\/\/api.w.org\/{rel}","templated":true}]}}